{"id":22,"date":"2025-03-06T11:04:49","date_gmt":"2025-03-06T11:04:49","guid":{"rendered":"https:\/\/tetaro.ee\/?page_id=22"},"modified":"2025-03-10T08:12:17","modified_gmt":"2025-03-10T08:12:17","slug":"kusi-pakkumist","status":"publish","type":"page","link":"https:\/\/tetaro.ee\/en\/kusi-pakkumist\/","title":{"rendered":"K\u00fcsi pakkumist"},"content":{"rendered":"<div class=\"wpforms-container wpforms-container-full wpforms-block wpforms-block-b91039a5-e60b-4e43-92f4-79b66659605f wpforms-render-modern\" id=\"wpforms-121\"><form id=\"wpforms-form-121\" class=\"wpforms-validate wpforms-form wpforms-ajax-form\" data-formid=\"121\" method=\"post\" enctype=\"multipart\/form-data\" action=\"\/en\/wp-json\/wp\/v2\/pages\/22\" data-token=\"a38fa06bd7ffb2664d572f6276694753\" data-token-time=\"1775828536\"><noscript class=\"wpforms-error-noscript\">Please enable JavaScript in your browser to complete this form.<\/noscript><div id=\"wpforms-error-noscript\" style=\"display: none;\">Please enable JavaScript in your browser to complete this form.<\/div><div class=\"wpforms-field-container\"><div id=\"wpforms-121-field_13-container\" class=\"wpforms-field wpforms-field-text\" data-field-id=\"13\"><label class=\"wpforms-field-label\" for=\"wpforms-121-field_13\">Ettev\u00f5te<\/label><input type=\"text\" id=\"wpforms-121-field_13\" class=\"wpforms-field-medium\" name=\"wpforms[fields][13]\" placeholder=\"n\u00e4iteks O\u00dc Ettev\u00f5te\" aria-errormessage=\"wpforms-121-field_13-error\" ><\/div><div id=\"wpforms-121-field_1-container\" class=\"wpforms-field wpforms-field-name\" data-field-id=\"1\"><label class=\"wpforms-field-label\" for=\"wpforms-121-field_1\">Nimi <span class=\"wpforms-required-label\" aria-hidden=\"true\">*<\/span><\/label><input type=\"text\" id=\"wpforms-121-field_1\" class=\"wpforms-field-medium wpforms-field-required\" name=\"wpforms[fields][1]\" placeholder=\"Eesnimi Perekonnanimi\" aria-errormessage=\"wpforms-121-field_1-error\" required><\/div>\t\t<div id=\"wpforms-121-field_2-container\"\n\t\t\tclass=\"wpforms-field wpforms-field-text\"\n\t\t\tdata-field-type=\"text\"\n\t\t\tdata-field-id=\"2\"\n\t\t\t>\n\t\t\t<label class=\"wpforms-field-label\" for=\"wpforms-121-field_2\" >Ettev\u00f5te E-post Nimi<\/label>\n\t\t\t<input type=\"text\" id=\"wpforms-121-field_2\" class=\"wpforms-field-medium\" name=\"wpforms[fields][2]\" >\n\t\t<\/div>\n\t\t<div id=\"wpforms-121-field_8-container\" class=\"wpforms-field wpforms-field-email\" data-field-id=\"8\"><label class=\"wpforms-field-label\" for=\"wpforms-121-field_8\">E-post <span class=\"wpforms-required-label\" aria-hidden=\"true\">*<\/span><\/label><input type=\"email\" id=\"wpforms-121-field_8\" class=\"wpforms-field-medium wpforms-field-required\" name=\"wpforms[fields][8]\" placeholder=\"nimi@nimi.ee\" spellcheck=\"false\" aria-errormessage=\"wpforms-121-field_8-error\" required><\/div><div id=\"wpforms-121-field_12-container\" class=\"wpforms-field wpforms-field-text\" data-field-id=\"12\"><label class=\"wpforms-field-label\" for=\"wpforms-121-field_12\">Kontakt number <span class=\"wpforms-required-label\" aria-hidden=\"true\">*<\/span><\/label><input type=\"text\" id=\"wpforms-121-field_12\" class=\"wpforms-field-medium wpforms-field-required\" name=\"wpforms[fields][12]\" placeholder=\"+372\" aria-errormessage=\"wpforms-121-field_12-error\" required><\/div><div id=\"wpforms-121-field_4-container\" class=\"wpforms-field wpforms-field-radio\" data-field-id=\"4\"><fieldset><legend class=\"wpforms-field-label\">Mille kohta soovid pakkumist saada <span class=\"wpforms-required-label\" aria-hidden=\"true\">*<\/span><\/legend><ul id=\"wpforms-121-field_4\" class=\"wpforms-field-required\"><li class=\"choice-1 depth-1\"><input type=\"radio\" id=\"wpforms-121-field_4_1\" name=\"wpforms[fields][4]\" value=\"Transport\" aria-errormessage=\"wpforms-121-field_4_1-error\" required ><label class=\"wpforms-field-label-inline\" for=\"wpforms-121-field_4_1\">Transport<\/label><\/li><li class=\"choice-2 depth-1\"><input type=\"radio\" id=\"wpforms-121-field_4_2\" name=\"wpforms[fields][4]\" value=\"Tehnika rent\" aria-errormessage=\"wpforms-121-field_4_2-error\" required ><label class=\"wpforms-field-label-inline\" for=\"wpforms-121-field_4_2\">Tehnika rent<\/label><\/li><li class=\"choice-3 depth-1\"><input type=\"radio\" id=\"wpforms-121-field_4_3\" name=\"wpforms[fields][4]\" value=\"Muu k\u00fcsimus\" aria-errormessage=\"wpforms-121-field_4_3-error\" required ><label class=\"wpforms-field-label-inline\" for=\"wpforms-121-field_4_3\">Muu k\u00fcsimus<\/label><\/li><\/ul><\/fieldset><\/div><div id=\"wpforms-121-field_7-container\" class=\"wpforms-field wpforms-field-textarea\" data-field-id=\"7\"><label class=\"wpforms-field-label\" for=\"wpforms-121-field_7\">Lisa t\u00e4psustav info <span class=\"wpforms-required-label\" aria-hidden=\"true\">*<\/span><\/label><textarea id=\"wpforms-121-field_7\" class=\"wpforms-field-medium wpforms-field-required\" name=\"wpforms[fields][7]\" aria-errormessage=\"wpforms-121-field_7-error\" required><\/textarea><\/div><script>\n\t\t\t\t( function() {\n\t\t\t\t\tconst style = document.createElement( 'style' );\n\t\t\t\t\tstyle.appendChild( document.createTextNode( '#wpforms-121-field_2-container { position: absolute !important; overflow: hidden !important; display: inline !important; height: 1px !important; width: 1px !important; z-index: -1000 !important; padding: 0 !important; } #wpforms-121-field_2-container input { visibility: hidden; } #wpforms-conversational-form-page #wpforms-121-field_2-container label { counter-increment: none; }' ) );\n\t\t\t\t\tdocument.head.appendChild( style );\n\t\t\t\t\tdocument.currentScript?.remove();\n\t\t\t\t} )();\n\t\t\t<\/script><\/div><!-- .wpforms-field-container --><div class=\"wpforms-submit-container\" ><input type=\"hidden\" name=\"wpforms[id]\" value=\"121\"><input type=\"hidden\" name=\"page_title\" value=\"\"><input type=\"hidden\" name=\"page_url\" value=\"https:\/\/tetaro.ee\/en\/wp-json\/wp\/v2\/pages\/22\"><input type=\"hidden\" name=\"url_referer\" value=\"\"><button type=\"submit\" name=\"wpforms[submit]\" id=\"wpforms-submit-121\" class=\"wpforms-submit\" data-alt-text=\"Sending...\" data-submit-text=\"Saada\" aria-live=\"assertive\" value=\"wpforms-submit\">Saada<\/button><img loading=\"lazy\" decoding=\"async\" src=\"https:\/\/tetaro.ee\/wp-content\/plugins\/wpforms-lite\/assets\/images\/submit-spin.svg\" class=\"wpforms-submit-spinner\" style=\"display: none;\" width=\"26\" height=\"26\" alt=\"Loading\"><\/div><\/form><\/div>  <!-- .wpforms-container -->","protected":false},"excerpt":{"rendered":"","protected":false},"author":1,"featured_media":0,"parent":0,"menu_order":0,"comment_status":"closed","ping_status":"closed","template":"","meta":{"footnotes":""},"class_list":["post-22","page","type-page","status-publish","hentry"],"_links":{"self":[{"href":"https:\/\/tetaro.ee\/en\/wp-json\/wp\/v2\/pages\/22","targetHints":{"allow":["GET"]}}],"collection":[{"href":"https:\/\/tetaro.ee\/en\/wp-json\/wp\/v2\/pages"}],"about":[{"href":"https:\/\/tetaro.ee\/en\/wp-json\/wp\/v2\/types\/page"}],"author":[{"embeddable":true,"href":"https:\/\/tetaro.ee\/en\/wp-json\/wp\/v2\/users\/1"}],"replies":[{"embeddable":true,"href":"https:\/\/tetaro.ee\/en\/wp-json\/wp\/v2\/comments?post=22"}],"version-history":[{"count":2,"href":"https:\/\/tetaro.ee\/en\/wp-json\/wp\/v2\/pages\/22\/revisions"}],"predecessor-version":[{"id":127,"href":"https:\/\/tetaro.ee\/en\/wp-json\/wp\/v2\/pages\/22\/revisions\/127"}],"wp:attachment":[{"href":"https:\/\/tetaro.ee\/en\/wp-json\/wp\/v2\/media?parent=22"}],"curies":[{"name":"wp","href":"https:\/\/api.w.org\/{rel}","templated":true}]}}