{"id":11,"date":"2025-03-05T21:58:40","date_gmt":"2025-03-05T21:58:40","guid":{"rendered":"https:\/\/tetaro.ee\/?page_id=11"},"modified":"2026-03-13T20:38:18","modified_gmt":"2026-03-13T20:38:18","slug":"teenused","status":"publish","type":"page","link":"https:\/\/tetaro.ee\/en\/teenused\/","title":{"rendered":"Services"},"content":{"rendered":"\n<p>Taristu ehitus<\/p>\n\n\n\n<p>Kaevet\u00f6\u00f6d<\/p>\n\n\n\n<p>Hoonete ehitus<\/p>\n\n\n\n<p>V\u00e4litrasside ehitus<\/p>\n\n\n\n<p>Transport<\/p>\n\n\n\n<p>Rasketehnika vedu<\/p>\n\n\n\n<p>Treileri teenus<\/p>\n","protected":false},"excerpt":{"rendered":"<p>Taristu ehitus Kaevet\u00f6\u00f6d Hoonete ehitus V\u00e4litrasside ehitus Transport Rasketehnika vedu Treileri teenus<\/p>\n","protected":false},"author":1,"featured_media":0,"parent":0,"menu_order":0,"comment_status":"closed","ping_status":"closed","template":"","meta":{"footnotes":""},"class_list":["post-11","page","type-page","status-publish","hentry"],"_links":{"self":[{"href":"https:\/\/tetaro.ee\/en\/wp-json\/wp\/v2\/pages\/11","targetHints":{"allow":["GET"]}}],"collection":[{"href":"https:\/\/tetaro.ee\/en\/wp-json\/wp\/v2\/pages"}],"about":[{"href":"https:\/\/tetaro.ee\/en\/wp-json\/wp\/v2\/types\/page"}],"author":[{"embeddable":true,"href":"https:\/\/tetaro.ee\/en\/wp-json\/wp\/v2\/users\/1"}],"replies":[{"embeddable":true,"href":"https:\/\/tetaro.ee\/en\/wp-json\/wp\/v2\/comments?post=11"}],"version-history":[{"count":4,"href":"https:\/\/tetaro.ee\/en\/wp-json\/wp\/v2\/pages\/11\/revisions"}],"predecessor-version":[{"id":268,"href":"https:\/\/tetaro.ee\/en\/wp-json\/wp\/v2\/pages\/11\/revisions\/268"}],"wp:attachment":[{"href":"https:\/\/tetaro.ee\/en\/wp-json\/wp\/v2\/media?parent=11"}],"curies":[{"name":"wp","href":"https:\/\/api.w.org\/{rel}","templated":true}]}}